{"id":111,"date":"2025-05-02T11:22:28","date_gmt":"2025-05-02T09:22:28","guid":{"rendered":"https:\/\/www.innprogress.fr\/terms-of-use\/"},"modified":"2025-05-07T16:03:18","modified_gmt":"2025-05-07T14:03:18","slug":"terms-of-use","status":"publish","type":"page","link":"https:\/\/www.innprogress.fr\/en\/terms-of-use\/","title":{"rendered":"Terms of use"},"content":{"rendered":"\n<p>Bienvenue sur le site web de InnPROGRESS. En utilisant ce site, vous reconnaissez avoir pris connaissance des conditions g\u00e9n\u00e9rales d\u2019utilisation et vous vous engagez \u00e0 les respecter. <\/p>\n\n<p><em>Le contenu de la pr\u00e9sente notice peut \u00eatre amen\u00e9 \u00e0 changer ; nous vous invitons par cons\u00e9quent \u00e0 la consulter r\u00e9guli\u00e8rement.<\/em><\/p>\n\n<h2 class=\"wp-block-heading\">Editor<\/h2>\n\n<p><strong>Si\u00e8ge :<\/strong><br\/>InnPROGRESS<\/p>\n\n<p>Gustave Roussy (site GR2),<br\/>24 rue Albert Thuret,<br\/>94550 Chevilly-Larue \u2013 France<\/p>\n\n<p><strong>Directeur de la publication : <\/strong>Thibault RAOULT<\/p>\n\n<h2 class=\"wp-block-heading\">Webmaster<\/h2>\n\n<p>Le site a \u00e9t\u00e9 cr\u00e9\u00e9 par la soci\u00e9t\u00e9 Anamorphik Studio S.A.R.L, repr\u00e9sent\u00e9e par M. Vincent Dhy\u00e8vre dont le si\u00e8ge social est 165 avenue Andr\u00e9 Malraux \u2013 54600 Villers-L\u00e8s-Nancy.<\/p>\n\n<p>RCS NANCY B 420 055 550<br\/>SIRET 420 055 550 00040<br\/>T\u00e9l\u00e9phone : +33 (0) 3 83 36 40 59<br\/><a href=\"https:\/\/www.anamorphik.com\/\" target=\"_blank\" rel=\"noreferrer noopener\">www.anamorphik.com<\/a><\/p>\n\n<p>Le site est h\u00e9berg\u00e9 et administr\u00e9 par la soci\u00e9t\u00e9 Anamorphik.<\/p>\n\n<h2 class=\"wp-block-heading\">Droit d\u2019auteur et propri\u00e9t\u00e9 intellectuelle<\/h2>\n\n<p>Ce site internet rel\u00e8ve de la l\u00e9gislation fran\u00e7aise et internationale sur le droit d\u2019auteur et la propri\u00e9t\u00e9 intellectuelle. Les noms, marques et enseignes cit\u00e9s sur ce site sont la propri\u00e9t\u00e9 de leurs d\u00e9posants respectifs. Toute utilisation ou reproduction, totale ou partielle, du site, des \u00e9l\u00e9ments qui le composent et des informations qui y figurent, par quelque proc\u00e9d\u00e9 que ce soit et sans autorisation de InnPROGRESS constituent une contrefa\u00e7on sanctionn\u00e9e par le code de la propri\u00e9t\u00e9 intellectuelle.  <\/p>\n","protected":false},"excerpt":{"rendered":"<p>Bienvenue sur le site web de InnPROGRESS. En utilisant ce site, vous reconnaissez avoir pris connaissance des conditions g\u00e9n\u00e9rales d\u2019utilisation et vous vous engagez \u00e0 les respecter. Le contenu de la pr\u00e9sente notice peut \u00eatre amen\u00e9 \u00e0 changer ; nous vous invitons par cons\u00e9quent \u00e0 la consulter r\u00e9guli\u00e8rement. Editor Si\u00e8ge :InnPROGRESS Gustave Roussy (site GR2),24 [&hellip;]<\/p>\n","protected":false},"author":1,"featured_media":0,"parent":0,"menu_order":0,"comment_status":"closed","ping_status":"closed","template":"","meta":{"inline_featured_image":false,"_themeisle_gutenberg_block_has_review":false,"footnotes":""},"class_list":["post-111","page","type-page","status-publish","hentry"],"_links":{"self":[{"href":"https:\/\/www.innprogress.fr\/en\/wp-json\/wp\/v2\/pages\/111","targetHints":{"allow":["GET"]}}],"collection":[{"href":"https:\/\/www.innprogress.fr\/en\/wp-json\/wp\/v2\/pages"}],"about":[{"href":"https:\/\/www.innprogress.fr\/en\/wp-json\/wp\/v2\/types\/page"}],"author":[{"embeddable":true,"href":"https:\/\/www.innprogress.fr\/en\/wp-json\/wp\/v2\/users\/1"}],"replies":[{"embeddable":true,"href":"https:\/\/www.innprogress.fr\/en\/wp-json\/wp\/v2\/comments?post=111"}],"version-history":[{"count":0,"href":"https:\/\/www.innprogress.fr\/en\/wp-json\/wp\/v2\/pages\/111\/revisions"}],"wp:attachment":[{"href":"https:\/\/www.innprogress.fr\/en\/wp-json\/wp\/v2\/media?parent=111"}],"curies":[{"name":"wp","href":"https:\/\/api.w.org\/{rel}","templated":true}]}}